{"id":61,"date":"2025-05-14T15:37:42","date_gmt":"2025-05-14T15:37:42","guid":{"rendered":"https:\/\/transform12w.ro\/?page_id=61"},"modified":"2025-05-16T10:15:59","modified_gmt":"2025-05-16T10:15:59","slug":"inscrieri","status":"publish","type":"page","link":"https:\/\/transform12w.ro\/index.php\/inscrieri\/","title":{"rendered":"Inscrieri"},"content":{"rendered":"\n<div class=\"wp-block-group is-layout-constrained wp-block-group-is-layout-constrained\">\n<div class=\"wp-block-group is-layout-constrained wp-block-group-is-layout-constrained\">\n<div style=\"max-width: 1170px; margin: 0 auto; padding: 40px 30px; background-color: #1a1a1a; border-radius: 12px; color: #f0f0f0; font-family: 'Poppins', sans-serif; font-size: 16px; line-height: 1.8; box-shadow: 0 0 10px rgba(0,0,0,0.2);\">\n\n  <p><strong style=\"color: #f58220;\">Transform12W<\/strong> este conceput pentru a te \u00eenv\u0103\u021ba cum func\u021bioneaz\u0103 propriul metabolism \u0219i cum s\u0103 \u00eel disciplinezi eficient.<\/p>\n\n  <p>Dac\u0103 alegi s\u0103 participi, a\u0219tept de la tine s\u0103 \u00ee\u021bi asumi <strong style=\"color: #f58220;\">angajamentul total<\/strong> \u0219i s\u0103 respec\u021bi fiecare etap\u0103 pentru a ob\u021bine rezultate maxime.<\/p>\n\n  <p>Timp de <strong style=\"color: #f58220;\">12 s\u0103pt\u0103m\u00e2ni<\/strong>, <strong>NU<\/strong> este permis s\u0103 te aba\u021bi de la mesele stabilite. Doar dac\u0103 obiectivele intermediare sunt atinse cu succes, se va putea discuta despre o eventual\u0103 <strong style=\"color: #f58220;\">mas\u0103 \u201ccheat\u201d<\/strong>.<\/p>\n\n  <p>Acest program presupune <strong style=\"color: #f58220;\">disciplin\u0103 maxim\u0103<\/strong> \u0219i consecven\u021b\u0103, indiferent de circumstan\u021be \u2013 <em>zile de na\u0219tere, nun\u021bi, botezuri sau alte evenimente<\/em>.<\/p>\n\n  <p>Pentru a \u00een\u021belege mai bine situa\u021bia ta personal\u0103 \u0219i pentru a te sprijini eficient \u00een proces, am nevoie de c\u00e2teva r\u0103spunsuri sincere la un set de \u00eentreb\u0103ri.<\/p>\n\n<\/div>\n<\/div>\n\n\n\n<div style=\"height:100px\" aria-hidden=\"true\" class=\"wp-block-spacer\"><\/div>\n\n\n\n<h2 class=\"wp-block-heading\">\u00censcrie-te acum<\/h2>\n\n\n<div class=\"wpforms-container wpforms-container-full wpforms-render-modern\" id=\"wpforms-18\"><form id=\"wpforms-form-18\" class=\"wpforms-validate wpforms-form wpforms-ajax-form\" data-formid=\"18\" method=\"post\" enctype=\"multipart\/form-data\" action=\"\/index.php\/wp-json\/wp\/v2\/pages\/61\" data-token=\"e2fd6659d1be71fbdf1dfce9f49d017c\" data-token-time=\"1776339742\"><noscript class=\"wpforms-error-noscript\">Please enable JavaScript in your browser to complete this form.<\/noscript><div class=\"wpforms-hidden\" id=\"wpforms-error-noscript\">Please enable JavaScript in your browser to complete this form.<\/div><div class=\"wpforms-field-container\"><div id=\"wpforms-18-field_1-container\" class=\"wpforms-field wpforms-field-name\" data-field-id=\"1\"><fieldset><legend class=\"wpforms-field-label\">Nume <span class=\"wpforms-required-label\" aria-hidden=\"true\">*<\/span><\/legend><div class=\"wpforms-field-row wpforms-field-medium\"><div class=\"wpforms-field-row-block wpforms-first wpforms-one-half\"><input type=\"text\" id=\"wpforms-18-field_1\" class=\"wpforms-field-name-first wpforms-field-required\" name=\"wpforms[fields][1][first]\" aria-errormessage=\"wpforms-18-field_1-error\" required><label for=\"wpforms-18-field_1\" class=\"wpforms-field-sublabel after\">First<\/label><\/div><div class=\"wpforms-field-row-block wpforms-one-half\"><input type=\"text\" id=\"wpforms-18-field_1-last\" class=\"wpforms-field-name-last wpforms-field-required\" name=\"wpforms[fields][1][last]\" aria-errormessage=\"wpforms-18-field_1-last-error\" required><label for=\"wpforms-18-field_1-last\" class=\"wpforms-field-sublabel after\">Last<\/label><\/div><\/div><\/fieldset><\/div><div id=\"wpforms-18-field_2-container\" class=\"wpforms-field wpforms-field-email\" data-field-id=\"2\"><label class=\"wpforms-field-label\" for=\"wpforms-18-field_2\">Email <span class=\"wpforms-required-label\" aria-hidden=\"true\">*<\/span><\/label><input type=\"email\" id=\"wpforms-18-field_2\" class=\"wpforms-field-medium wpforms-field-required\" name=\"wpforms[fields][2]\" spellcheck=\"false\" aria-errormessage=\"wpforms-18-field_2-error\" required><\/div><div id=\"wpforms-18-field_17-container\" class=\"wpforms-field wpforms-field-text\" data-field-id=\"17\"><label class=\"wpforms-field-label\" for=\"wpforms-18-field_17\">Numar de telefon <span class=\"wpforms-required-label\" aria-hidden=\"true\">*<\/span><\/label><input type=\"text\" id=\"wpforms-18-field_17\" class=\"wpforms-field-medium wpforms-field-required\" name=\"wpforms[fields][17]\" aria-errormessage=\"wpforms-18-field_17-error\" required><\/div><div id=\"wpforms-18-field_4-container\" class=\"wpforms-field wpforms-field-text\" data-field-id=\"4\"><label class=\"wpforms-field-label\" for=\"wpforms-18-field_4\">\u2060C\u00e2\u021bi ani ai ?<\/label><input type=\"text\" id=\"wpforms-18-field_4\" class=\"wpforms-field-medium\" name=\"wpforms[fields][4]\" aria-errormessage=\"wpforms-18-field_4-error\" ><\/div><div id=\"wpforms-18-field_5-container\" class=\"wpforms-field wpforms-field-text\" data-field-id=\"5\"><label class=\"wpforms-field-label\" for=\"wpforms-18-field_5\">\u2060Ce \u00een\u0103l\u021bime ai?<\/label><input type=\"text\" id=\"wpforms-18-field_5\" class=\"wpforms-field-medium\" name=\"wpforms[fields][5]\" aria-errormessage=\"wpforms-18-field_5-error\" ><\/div><div id=\"wpforms-18-field_6-container\" class=\"wpforms-field wpforms-field-text\" data-field-id=\"6\"><label class=\"wpforms-field-label\" for=\"wpforms-18-field_6\">C\u00e2te kg ai ?<\/label><input type=\"text\" id=\"wpforms-18-field_6\" class=\"wpforms-field-medium\" name=\"wpforms[fields][6]\" aria-errormessage=\"wpforms-18-field_6-error\" ><\/div><div id=\"wpforms-18-field_7-container\" class=\"wpforms-field wpforms-field-text\" data-field-id=\"7\"><label class=\"wpforms-field-label\" for=\"wpforms-18-field_7\">C\u00e2te kg vrei s\u0103 sl\u0103be\u0219ti ?<\/label><input type=\"text\" id=\"wpforms-18-field_7\" class=\"wpforms-field-medium\" name=\"wpforms[fields][7]\" aria-errormessage=\"wpforms-18-field_7-error\" ><\/div><div id=\"wpforms-18-field_8-container\" class=\"wpforms-field wpforms-field-text\" data-field-id=\"8\"><label class=\"wpforms-field-label\" for=\"wpforms-18-field_8\">Cat de strict crezi ca vei fi \u00een acest program ?<\/label><input type=\"text\" id=\"wpforms-18-field_8\" class=\"wpforms-field-medium\" name=\"wpforms[fields][8]\" aria-errormessage=\"wpforms-18-field_8-error\" ><\/div><div id=\"wpforms-18-field_9-container\" class=\"wpforms-field wpforms-field-text\" data-field-id=\"9\"><label class=\"wpforms-field-label\" for=\"wpforms-18-field_9\">\u2060C\u00e2te mese ai de-obicei pe zi?<\/label><input type=\"text\" id=\"wpforms-18-field_9\" class=\"wpforms-field-medium\" name=\"wpforms[fields][9]\" aria-errormessage=\"wpforms-18-field_9-error\" ><\/div><div id=\"wpforms-18-field_10-container\" class=\"wpforms-field wpforms-field-text\" data-field-id=\"10\"><label class=\"wpforms-field-label\" for=\"wpforms-18-field_10\">Cand mananci de-obicei mesele? Si cam ce mananci la ele?<\/label><input type=\"text\" id=\"wpforms-18-field_10\" class=\"wpforms-field-medium\" name=\"wpforms[fields][10]\" aria-errormessage=\"wpforms-18-field_10-error\" ><\/div><div id=\"wpforms-18-field_11-container\" class=\"wpforms-field wpforms-field-text\" data-field-id=\"11\"><label class=\"wpforms-field-label\" for=\"wpforms-18-field_11\">Ai alergii alimentare?<\/label><input type=\"text\" id=\"wpforms-18-field_11\" class=\"wpforms-field-medium\" name=\"wpforms[fields][11]\" aria-errormessage=\"wpforms-18-field_11-error\" ><\/div><div id=\"wpforms-18-field_12-container\" class=\"wpforms-field wpforms-field-text\" data-field-id=\"12\"><label class=\"wpforms-field-label\" for=\"wpforms-18-field_12\">Ce alimente nu mananci sub nicio forma , sau ce alimente preferi s\u0103 nu mananci(sa nu fie inclus in plan).<\/label><input type=\"text\" id=\"wpforms-18-field_12\" class=\"wpforms-field-medium\" name=\"wpforms[fields][12]\" aria-errormessage=\"wpforms-18-field_12-error\" ><\/div><div id=\"wpforms-18-field_13-container\" class=\"wpforms-field wpforms-field-text\" data-field-id=\"13\"><label class=\"wpforms-field-label\" for=\"wpforms-18-field_13\">La ce ora te trezesti si la ce ora adormi ?<\/label><input type=\"text\" id=\"wpforms-18-field_13\" class=\"wpforms-field-medium\" name=\"wpforms[fields][13]\" aria-errormessage=\"wpforms-18-field_13-error\" ><\/div><div id=\"wpforms-18-field_14-container\" class=\"wpforms-field wpforms-field-text\" data-field-id=\"14\"><label class=\"wpforms-field-label\" for=\"wpforms-18-field_14\">\u2060Care este \u201cotrava\u201d ta ?(dulce , s\u0103rat, alcool)<\/label><input type=\"text\" id=\"wpforms-18-field_14\" class=\"wpforms-field-medium\" name=\"wpforms[fields][14]\" aria-errormessage=\"wpforms-18-field_14-error\" ><\/div><div id=\"wpforms-18-field_15-container\" class=\"wpforms-field wpforms-field-text\" data-field-id=\"15\"><label class=\"wpforms-field-label\" for=\"wpforms-18-field_15\">C\u00e2te ori dormi pe noapte?<\/label><input type=\"text\" id=\"wpforms-18-field_15\" class=\"wpforms-field-medium\" name=\"wpforms[fields][15]\" aria-errormessage=\"wpforms-18-field_15-error\" ><\/div><div id=\"wpforms-18-field_16-container\" class=\"wpforms-field wpforms-field-text\" data-field-id=\"16\"><label class=\"wpforms-field-label\" for=\"wpforms-18-field_16\">\u2060Ce activitatea zilnic\u0103 ai? Job de birou ? Mergi pe jos? Sau doar cu ma\u0219ina \u0219i job de birou?<\/label><input type=\"text\" id=\"wpforms-18-field_16\" class=\"wpforms-field-medium\" name=\"wpforms[fields][16]\" aria-errormessage=\"wpforms-18-field_16-error\" ><\/div><div id=\"wpforms-18-field_3-container\" class=\"wpforms-field wpforms-field-textarea\" data-field-id=\"3\"><label class=\"wpforms-field-label\" for=\"wpforms-18-field_3\">Alte mentiuni<\/label><textarea id=\"wpforms-18-field_3\" class=\"wpforms-field-medium\" name=\"wpforms[fields][3]\" aria-errormessage=\"wpforms-18-field_3-error\" ><\/textarea><\/div><\/div><!-- .wpforms-field-container --><div class=\"wpforms-submit-container\" ><input type=\"hidden\" name=\"wpforms[id]\" value=\"18\"><input type=\"hidden\" name=\"page_title\" value=\"\"><input type=\"hidden\" name=\"page_url\" value=\"https:\/\/transform12w.ro\/index.php\/wp-json\/wp\/v2\/pages\/61\"><input type=\"hidden\" name=\"url_referer\" value=\"\"><button type=\"submit\" name=\"wpforms[submit]\" id=\"wpforms-submit-18\" class=\"wpforms-submit\" data-alt-text=\"Sending...\" data-submit-text=\"Submit\" aria-live=\"assertive\" value=\"wpforms-submit\">Submit<\/button><img loading=\"lazy\" decoding=\"async\" src=\"https:\/\/transform12w.ro\/wp-content\/plugins\/wpforms-lite\/assets\/images\/submit-spin.svg\" class=\"wpforms-submit-spinner\" style=\"display: none;\" width=\"26\" height=\"26\" alt=\"Loading\"><\/div><\/form><\/div>  <!-- .wpforms-container -->\n<\/div>\n\n\n\n<p><\/p>\n","protected":false},"excerpt":{"rendered":"<p>Transform12W este conceput pentru a te \u00eenv\u0103\u021ba cum func\u021bioneaz\u0103 propriul metabolism \u0219i cum s\u0103 \u00eel disciplinezi eficient. Dac\u0103 alegi s\u0103 participi, a\u0219tept de la tine s\u0103 \u00ee\u021bi asumi angajamentul total \u0219i s\u0103 respec\u021bi fiecare etap\u0103 pentru a ob\u021bine rezultate maxime. Timp de 12 s\u0103pt\u0103m\u00e2ni, NU este permis s\u0103 te aba\u021bi de la mesele stabilite. Doar dac\u0103 obiectivele intermediare sunt atinse cu succes, se va putea discuta despre o eventual\u0103 mas\u0103 \u201ccheat\u201d. Acest program presupune disciplin\u0103 maxim\u0103 \u0219i consecven\u021b\u0103, indiferent de circumstan\u021be \u2013 zile de na\u0219tere, nun\u021bi, botezuri sau alte evenimente. Pentru a \u00een\u021belege mai bine situa\u021bia ta personal\u0103 \u0219i pentru<\/p>\n","protected":false},"author":1,"featured_media":0,"parent":0,"menu_order":0,"comment_status":"closed","ping_status":"closed","template":"template-basic","meta":{"footnotes":""},"class_list":["post-61","page","type-page","status-publish","hentry"],"_links":{"self":[{"href":"https:\/\/transform12w.ro\/index.php\/wp-json\/wp\/v2\/pages\/61","targetHints":{"allow":["GET"]}}],"collection":[{"href":"https:\/\/transform12w.ro\/index.php\/wp-json\/wp\/v2\/pages"}],"about":[{"href":"https:\/\/transform12w.ro\/index.php\/wp-json\/wp\/v2\/types\/page"}],"author":[{"embeddable":true,"href":"https:\/\/transform12w.ro\/index.php\/wp-json\/wp\/v2\/users\/1"}],"replies":[{"embeddable":true,"href":"https:\/\/transform12w.ro\/index.php\/wp-json\/wp\/v2\/comments?post=61"}],"version-history":[{"count":6,"href":"https:\/\/transform12w.ro\/index.php\/wp-json\/wp\/v2\/pages\/61\/revisions"}],"predecessor-version":[{"id":96,"href":"https:\/\/transform12w.ro\/index.php\/wp-json\/wp\/v2\/pages\/61\/revisions\/96"}],"wp:attachment":[{"href":"https:\/\/transform12w.ro\/index.php\/wp-json\/wp\/v2\/media?parent=61"}],"curies":[{"name":"wp","href":"https:\/\/api.w.org\/{rel}","templated":true}]}}