{"id":34,"date":"2025-05-14T14:30:47","date_gmt":"2025-05-14T14:30:47","guid":{"rendered":"https:\/\/transform12w.ro\/?page_id=34"},"modified":"2025-05-14T14:31:55","modified_gmt":"2025-05-14T14:31:55","slug":"preturi","status":"publish","type":"page","link":"https:\/\/transform12w.ro\/index.php\/preturi\/","title":{"rendered":"Preturi"},"content":{"rendered":"\n<h2>Costuri \u0219i op\u021biuni de plat\u0103<\/h2>\n\n<div class=\"cards\">\n\n  <!-- Nutri\u021bie -->\n  <div class=\"card\">\n    <div class=\"card-title\">Participare program nutri\u021bie Transform12W<\/div>\n    <p><strong>Plat\u0103 integral\u0103:<\/strong> 1200 lei<\/p>\n    <p><strong>Plat\u0103 e\u0219alonat\u0103:<\/strong> 1500 lei (4 s\u0103pt\u0103m\u00e2ni \u00d7 3)<\/p>\n    <p style=\"margin-top: 5px;\">\n      \u2022 500 lei la \u00eenscriere<br>\n      \u2022 500 lei la finalul s\u0103pt\u0103m\u00e2nii 4<br>\n      \u2022 500 lei la finalul s\u0103pt\u0103m\u00e2nii 8\n    <\/p>\n  <\/div>\n\n  <!-- Nutri\u021bie + Antrenamente -->\n  <div class=\"card\">\n    <div class=\"card-title\">Transform12W + Antrenamente personale<\/div>\n    <p><strong>Plat\u0103 integral\u0103:<\/strong> 2970 lei (12 s\u0103pt\u0103m\u00e2ni)<\/p>\n    <p><strong>Plat\u0103 e\u0219alonat\u0103:<\/strong> 3750 lei (4 s\u0103pt\u0103m\u00e2ni \u00d7 3)<\/p>\n    <p style=\"margin-top: 5px;\">\n      \u2022 1190 lei la \u00eenscriere<br>\n      \u2022 1190 lei la finalul s\u0103pt\u0103m\u00e2nii 4<br>\n      \u2022 1190 lei la finalul s\u0103pt\u0103m\u00e2nii 8\n    <\/p>\n    <p style=\"margin-top: 15px; font-style: italic; color: #f5b940;\">\n      *Antrenamentele personale se \u021bin la sala de fitness PT CENTER\n    <\/p>\n  <\/div>\n\n<\/div>\n\n","protected":false},"excerpt":{"rendered":"<p>Costuri \u0219i op\u021biuni de plat\u0103 Participare program nutri\u021bie Transform12W Plat\u0103 integral\u0103: 1200 lei Plat\u0103 e\u0219alonat\u0103: 1500 lei (4 s\u0103pt\u0103m\u00e2ni \u00d7 3) \u2022 500 lei la \u00eenscriere \u2022 500 lei la finalul s\u0103pt\u0103m\u00e2nii 4 \u2022 500 lei la finalul s\u0103pt\u0103m\u00e2nii 8 Transform12W + Antrenamente personale Plat\u0103 integral\u0103: 2970 lei (12 s\u0103pt\u0103m\u00e2ni) Plat\u0103 e\u0219alonat\u0103: 3750 lei (4 s\u0103pt\u0103m\u00e2ni \u00d7 3) \u2022 1190 lei la \u00eenscriere \u2022 1190 lei la finalul s\u0103pt\u0103m\u00e2nii 4 \u2022 1190 lei la finalul s\u0103pt\u0103m\u00e2nii 8 *Antrenamentele personale se \u021bin la sala de fitness PT CENTER<\/p>\n","protected":false},"author":1,"featured_media":0,"parent":0,"menu_order":0,"comment_status":"closed","ping_status":"closed","template":"template-basic","meta":{"footnotes":""},"class_list":["post-34","page","type-page","status-publish","hentry"],"_links":{"self":[{"href":"https:\/\/transform12w.ro\/index.php\/wp-json\/wp\/v2\/pages\/34","targetHints":{"allow":["GET"]}}],"collection":[{"href":"https:\/\/transform12w.ro\/index.php\/wp-json\/wp\/v2\/pages"}],"about":[{"href":"https:\/\/transform12w.ro\/index.php\/wp-json\/wp\/v2\/types\/page"}],"author":[{"embeddable":true,"href":"https:\/\/transform12w.ro\/index.php\/wp-json\/wp\/v2\/users\/1"}],"replies":[{"embeddable":true,"href":"https:\/\/transform12w.ro\/index.php\/wp-json\/wp\/v2\/comments?post=34"}],"version-history":[{"count":3,"href":"https:\/\/transform12w.ro\/index.php\/wp-json\/wp\/v2\/pages\/34\/revisions"}],"predecessor-version":[{"id":56,"href":"https:\/\/transform12w.ro\/index.php\/wp-json\/wp\/v2\/pages\/34\/revisions\/56"}],"wp:attachment":[{"href":"https:\/\/transform12w.ro\/index.php\/wp-json\/wp\/v2\/media?parent=34"}],"curies":[{"name":"wp","href":"https:\/\/api.w.org\/{rel}","templated":true}]}}